{"id":5290,"date":"2024-05-30T14:50:48","date_gmt":"2024-05-30T14:50:48","guid":{"rendered":"https:\/\/scgrd.org\/conferencia\/?page_id=5290"},"modified":"2024-05-31T14:31:15","modified_gmt":"2024-05-31T14:31:15","slug":"certificados-y-memorias","status":"publish","type":"page","link":"https:\/\/scgrd.org\/conferencia\/certificados-y-memorias\/","title":{"rendered":"Certificados y memorias"},"content":{"rendered":"\t\t<div data-elementor-type=\"wp-page\" data-elementor-id=\"5290\" class=\"elementor elementor-5290\" data-elementor-post-type=\"page\">\n\t\t\t\t\t\t\t\t\t<section class=\"elementor-section elementor-top-section elementor-element elementor-element-299b887b elementor-section-boxed elementor-section-height-default elementor-section-height-default\" data-id=\"299b887b\" data-element_type=\"section\" data-settings=\"{&quot;background_background&quot;:&quot;classic&quot;}\">\n\t\t\t\t\t\t\t<div class=\"elementor-background-overlay\"><\/div>\n\t\t\t\t\t\t\t<div class=\"elementor-container elementor-column-gap-default\">\n\t\t\t\t\t<div class=\"elementor-column elementor-col-100 elementor-top-column elementor-element elementor-element-35cfee2d\" data-id=\"35cfee2d\" data-element_type=\"column\">\n\t\t\t<div class=\"elementor-widget-wrap elementor-element-populated\">\n\t\t\t\t\t\t\t\t<div class=\"elementor-element elementor-element-42545512 elementor-widget elementor-widget-heading\" data-id=\"42545512\" data-element_type=\"widget\" data-widget_type=\"heading.default\">\n\t\t\t\t<div class=\"elementor-widget-container\">\n\t\t\t<style>\/*! elementor - v3.18.0 - 20-12-2023 *\/\n.elementor-heading-title{padding:0;margin:0;line-height:1}.elementor-widget-heading .elementor-heading-title[class*=elementor-size-]>a{color:inherit;font-size:inherit;line-height:inherit}.elementor-widget-heading .elementor-heading-title.elementor-size-small{font-size:15px}.elementor-widget-heading .elementor-heading-title.elementor-size-medium{font-size:19px}.elementor-widget-heading .elementor-heading-title.elementor-size-large{font-size:29px}.elementor-widget-heading .elementor-heading-title.elementor-size-xl{font-size:39px}.elementor-widget-heading .elementor-heading-title.elementor-size-xxl{font-size:59px}<\/style><h2 class=\"elementor-heading-title elementor-size-default\">Certificados y memorias<br>\n\nMemories and certificates<\/h2>\t\t<\/div>\n\t\t\t\t<\/div>\n\t\t\t\t\t<\/div>\n\t\t<\/div>\n\t\t\t\t\t\t\t<\/div>\n\t\t<\/section>\n\t\t\t\t<section class=\"elementor-section elementor-top-section elementor-element elementor-element-f814a10 elementor-section-content-middle elementor-section-boxed elementor-section-height-default elementor-section-height-default\" data-id=\"f814a10\" data-element_type=\"section\" data-settings=\"{&quot;background_background&quot;:&quot;classic&quot;}\">\n\t\t\t\t\t\t<div class=\"elementor-container elementor-column-gap-default\">\n\t\t\t\t\t<div class=\"elementor-column elementor-col-100 elementor-top-column elementor-element elementor-element-24e4e7e\" data-id=\"24e4e7e\" data-element_type=\"column\">\n\t\t\t<div class=\"elementor-widget-wrap elementor-element-populated\">\n\t\t\t\t\t\t\t\t<div class=\"elementor-element elementor-element-71b8529 elementor-widget elementor-widget-heading\" data-id=\"71b8529\" data-element_type=\"widget\" data-widget_type=\"heading.default\">\n\t\t\t\t<div class=\"elementor-widget-container\">\n\t\t\t<h2 class=\"elementor-heading-title elementor-size-default\">Solicitud de certificado<\/h2>\t\t<\/div>\n\t\t\t\t<\/div>\n\t\t\t\t<div class=\"elementor-element elementor-element-5f76bb8 elementor-widget elementor-widget-text-editor\" data-id=\"5f76bb8\" data-element_type=\"widget\" data-widget_type=\"text-editor.default\">\n\t\t\t\t<div class=\"elementor-widget-container\">\n\t\t\t<style>\/*! elementor - v3.18.0 - 20-12-2023 *\/\n.elementor-widget-text-editor.elementor-drop-cap-view-stacked .elementor-drop-cap{background-color:#69727d;color:#fff}.elementor-widget-text-editor.elementor-drop-cap-view-framed .elementor-drop-cap{color:#69727d;border:3px solid;background-color:transparent}.elementor-widget-text-editor:not(.elementor-drop-cap-view-default) .elementor-drop-cap{margin-top:8px}.elementor-widget-text-editor:not(.elementor-drop-cap-view-default) .elementor-drop-cap-letter{width:1em;height:1em}.elementor-widget-text-editor .elementor-drop-cap{float:left;text-align:center;line-height:1;font-size:50px}.elementor-widget-text-editor .elementor-drop-cap-letter{display:inline-block}<\/style>\t\t\t\t<p>Para solicitar el certificado como asistente o ponente en la III Conferencia, por favor diligencie la siguiente encuesta. Una vez enviada la encuesta, y previa verificaci\u00f3n de la inscripci\u00f3n y asistencia (ponencia), recibir\u00e1 en un plazo m\u00e1ximo de 30 d\u00edas su certificado v\u00eda correo electr\u00f3nico.<\/p>\t\t\t\t\t\t<\/div>\n\t\t\t\t<\/div>\n\t\t\t\t<div class=\"elementor-element elementor-element-a9b1150 elementor-widget elementor-widget-button\" data-id=\"a9b1150\" data-element_type=\"widget\" data-widget_type=\"button.default\">\n\t\t\t\t<div class=\"elementor-widget-container\">\n\t\t\t\t\t<div class=\"elementor-button-wrapper\">\n\t\t\t<a class=\"elementor-button elementor-button-link elementor-size-sm\" href=\"https:\/\/docs.google.com\/forms\/d\/e\/1FAIpQLSc-_39YU8cpzT1Hufd8BR1HSbTrKsqHqmiGLAPe4GjPaLyQ8g\/formResponse\" target=\"_blank\">\n\t\t\t\t\t\t<span class=\"elementor-button-content-wrapper\">\n\t\t\t\t\t\t<span class=\"elementor-button-icon elementor-align-icon-right\">\n\t\t\t\t<i aria-hidden=\"true\" class=\"fas fa-arrow-right\"><\/i>\t\t\t<\/span>\n\t\t\t\t\t\t<span class=\"elementor-button-text\">Realizar Encuesta<\/span>\n\t\t<\/span>\n\t\t\t\t\t<\/a>\n\t\t<\/div>\n\t\t\t\t<\/div>\n\t\t\t\t<\/div>\n\t\t\t\t\t<\/div>\n\t\t<\/div>\n\t\t\t\t\t\t\t<\/div>\n\t\t<\/section>\n\t\t\t\t\t\t\t<\/div>\n\t\t","protected":false},"excerpt":{"rendered":"<p>Certificados y memorias Memories and certificates Solicitud de certificado Para solicitar el certificado como asistente o ponente en la III Conferencia, por favor diligencie la siguiente encuesta. Una vez enviada la encuesta, y previa verificaci\u00f3n de la inscripci\u00f3n y asistencia (ponencia), recibir\u00e1 en un plazo m\u00e1ximo de 30 d\u00edas su certificado v\u00eda correo electr\u00f3nico. Realizar [&hellip;]<\/p>\n","protected":false},"author":1,"featured_media":0,"parent":0,"menu_order":0,"comment_status":"closed","ping_status":"closed","template":"","meta":{"footnotes":""},"_links":{"self":[{"href":"https:\/\/scgrd.org\/conferencia\/wp-json\/wp\/v2\/pages\/5290"}],"collection":[{"href":"https:\/\/scgrd.org\/conferencia\/wp-json\/wp\/v2\/pages"}],"about":[{"href":"https:\/\/scgrd.org\/conferencia\/wp-json\/wp\/v2\/types\/page"}],"author":[{"embeddable":true,"href":"https:\/\/scgrd.org\/conferencia\/wp-json\/wp\/v2\/users\/1"}],"replies":[{"embeddable":true,"href":"https:\/\/scgrd.org\/conferencia\/wp-json\/wp\/v2\/comments?post=5290"}],"version-history":[{"count":79,"href":"https:\/\/scgrd.org\/conferencia\/wp-json\/wp\/v2\/pages\/5290\/revisions"}],"predecessor-version":[{"id":5374,"href":"https:\/\/scgrd.org\/conferencia\/wp-json\/wp\/v2\/pages\/5290\/revisions\/5374"}],"wp:attachment":[{"href":"https:\/\/scgrd.org\/conferencia\/wp-json\/wp\/v2\/media?parent=5290"}],"curies":[{"name":"wp","href":"https:\/\/api.w.org\/{rel}","templated":true}]}}